{"id":78,"date":"2020-09-11T12:37:53","date_gmt":"2020-09-11T12:37:53","guid":{"rendered":"http:\/\/www.tk-technologie.com.pl\/?page_id=78"},"modified":"2020-10-12T08:26:14","modified_gmt":"2020-10-12T08:26:14","slug":"grafika-komputerowa","status":"publish","type":"page","link":"https:\/\/www.tk-technologie.com.pl\/index.php\/grafika-komputerowa\/","title":{"rendered":"Grafika komputerowa"},"content":{"rendered":"\n<p class=\"has-background has-very-light-gray-background-color\">Grafika komputerowa to bardzo szeroka dziedzina. TK-Technologie zajmuje si\u0119:<\/p>\n\n\n\n<div class=\"wp-block-columns has-2-columns is-layout-flex wp-container-core-columns-is-layout-9d6595d7 wp-block-columns-is-layout-flex\">\n<div class=\"wp-block-column is-layout-flow wp-block-column-is-layout-flow\">\n<p style=\"text-align:center\" class=\"has-background has-light-green-cyan-background-color\"> Obr\u00f3bka cyfrowa fotografii<\/p>\n<\/div>\n\n\n\n<div class=\"wp-block-column is-layout-flow wp-block-column-is-layout-flow\">\n<p style=\"background-color:#cdea40;text-align:center\" class=\"has-background\">\n\n\nProjektowanie 3D\n\n\n\n<\/p>\n<\/div>\n<\/div>\n\n\n\n<div class=\"wp-block-columns has-2-columns is-layout-flex wp-container-core-columns-is-layout-9d6595d7 wp-block-columns-is-layout-flex\">\n<div class=\"wp-block-column is-layout-flow wp-block-column-is-layout-flow\">\n<p style=\"text-align:center\" class=\"has-background has-pale-cyan-blue-background-color\">\n\n\nWymiarowanie detali 2D i 3D\n\n\n\n<\/p>\n<\/div>\n\n\n\n<div class=\"wp-block-column is-layout-flow wp-block-column-is-layout-flow\">\n<p style=\"background-color:#8ef77d;text-align:center\" class=\"has-background\"> Wizualizacja (rendering) detali<\/p>\n<\/div>\n<\/div>\n\n\n\n<div class=\"wp-block-columns has-2-columns is-layout-flex wp-container-core-columns-is-layout-9d6595d7 wp-block-columns-is-layout-flex\">\n<div class=\"wp-block-column is-layout-flow wp-block-column-is-layout-flow\">\n<p><\/p>\n<\/div>\n\n\n\n<div class=\"wp-block-column is-layout-flow wp-block-column-is-layout-flow\">\n<p><\/p>\n<\/div>\n<\/div>\n\n\n\n<div class=\"wp-block-media-text alignwide\" style=\"grid-template-columns:27% auto\"><figure class=\"wp-block-media-text__media\"><img loading=\"lazy\" decoding=\"async\" width=\"800\" height=\"600\" src=\"http:\/\/www.tk-technologie.com.pl\/wp-content\/uploads\/2020\/09\/ladowarka_nokia1.jpg\" alt=\"\" class=\"wp-image-289\" srcset=\"https:\/\/www.tk-technologie.com.pl\/wp-content\/uploads\/2020\/09\/ladowarka_nokia1.jpg 800w, https:\/\/www.tk-technologie.com.pl\/wp-content\/uploads\/2020\/09\/ladowarka_nokia1-300x225.jpg 300w, https:\/\/www.tk-technologie.com.pl\/wp-content\/uploads\/2020\/09\/ladowarka_nokia1-768x576.jpg 768w\" sizes=\"auto, (max-width: 767px) 89vw, (max-width: 1000px) 54vw, (max-width: 1071px) 543px, 580px\" \/><\/figure><div class=\"wp-block-media-text__content\">\n<p class=\"has-small-font-size\"><strong>Projektowanie 3D<\/strong> to dziedzina, kt\u00f3ra pozwala zwizualizowa\u0107 pomys\u0142y w  postacie modeli tr\u00f3jwymiarowych. Mog\u0105 to by\u0107 detale mechaniczne,  budynki, ogrody, zabawki, m\u00f3wi\u0107 pro\u015bciej wszystkie materiale rzeczy,  kt\u00f3re tylko mo\u017cemy sobie wyobrazi\u0107.<br><\/p>\n<\/div><\/div>\n\n\n\n<div class=\"wp-block-media-text alignwide\" style=\"grid-template-columns:28% auto\"><figure class=\"wp-block-media-text__media\"><img loading=\"lazy\" decoding=\"async\" width=\"1024\" height=\"622\" src=\"http:\/\/www.tk-technologie.com.pl\/wp-content\/uploads\/2020\/10\/zaluzje-1024x622.jpg\" alt=\"\" class=\"wp-image-261\" srcset=\"https:\/\/www.tk-technologie.com.pl\/wp-content\/uploads\/2020\/10\/zaluzje-1024x622.jpg 1024w, https:\/\/www.tk-technologie.com.pl\/wp-content\/uploads\/2020\/10\/zaluzje-300x182.jpg 300w, https:\/\/www.tk-technologie.com.pl\/wp-content\/uploads\/2020\/10\/zaluzje-768x467.jpg 768w, https:\/\/www.tk-technologie.com.pl\/wp-content\/uploads\/2020\/10\/zaluzje.jpg 1498w\" sizes=\"auto, (max-width: 767px) 89vw, (max-width: 1000px) 54vw, (max-width: 1071px) 543px, 580px\" \/><\/figure><div class=\"wp-block-media-text__content\">\n<p style=\"text-align:left\" class=\"has-small-font-size\"><strong>Wymiarowanie detali 2D i 3D<\/strong> to nic innego jak rysunek techniczny potrzebny do wykonania danego detalu czy  projektu. W takiej postaci projekt mo\u017ce by\u0107 oddany do wytworzenia detalu.<\/p>\n<\/div><\/div>\n\n\n\n<div class=\"wp-block-media-text alignwide\" style=\"grid-template-columns:28% auto\"><figure class=\"wp-block-media-text__media\"><img loading=\"lazy\" decoding=\"async\" width=\"1024\" height=\"515\" src=\"http:\/\/www.tk-technologie.com.pl\/wp-content\/uploads\/2020\/09\/osiedle_domow_szeregowych_1-1024x515.jpg\" alt=\"\" class=\"wp-image-155\" srcset=\"https:\/\/www.tk-technologie.com.pl\/wp-content\/uploads\/2020\/09\/osiedle_domow_szeregowych_1-1024x515.jpg 1024w, https:\/\/www.tk-technologie.com.pl\/wp-content\/uploads\/2020\/09\/osiedle_domow_szeregowych_1-300x151.jpg 300w, https:\/\/www.tk-technologie.com.pl\/wp-content\/uploads\/2020\/09\/osiedle_domow_szeregowych_1-768x386.jpg 768w, https:\/\/www.tk-technologie.com.pl\/wp-content\/uploads\/2020\/09\/osiedle_domow_szeregowych_1.jpg 1920w\" sizes=\"auto, (max-width: 767px) 89vw, (max-width: 1000px) 54vw, (max-width: 1071px) 543px, 580px\" \/><\/figure><div class=\"wp-block-media-text__content\">\n<p class=\"has-small-font-size\"><strong>Wizualizacja (rendering) detali <\/strong> &#8211; czasami aby dany projekt m\u00f3c w\u0142a\u015bciwie oceni\u0107, nale\u017cy go zwizualizowa\u0107 w technice 3D przy u\u017cyciu odpowiedniego o\u015bwietlenia (naturalne, sztuczne, cienie itd), materia\u0142\u00f3w (np. drewno, stal, marmur, trawa, itd.)<\/p>\n<\/div><\/div>\n\n\n\n<div class=\"wp-block-media-text alignwide\" style=\"grid-template-columns:28% auto\"><figure class=\"wp-block-media-text__media\"><img loading=\"lazy\" decoding=\"async\" width=\"1024\" height=\"685\" src=\"http:\/\/www.tk-technologie.com.pl\/wp-content\/uploads\/2020\/09\/fotomontaz-1024x685.jpg\" alt=\"\" class=\"wp-image-152\" srcset=\"https:\/\/www.tk-technologie.com.pl\/wp-content\/uploads\/2020\/09\/fotomontaz-1024x685.jpg 1024w, https:\/\/www.tk-technologie.com.pl\/wp-content\/uploads\/2020\/09\/fotomontaz-300x201.jpg 300w, https:\/\/www.tk-technologie.com.pl\/wp-content\/uploads\/2020\/09\/fotomontaz-768x514.jpg 768w\" sizes=\"auto, (max-width: 767px) 89vw, (max-width: 1000px) 54vw, (max-width: 1071px) 543px, 580px\" \/><\/figure><div class=\"wp-block-media-text__content\">\n<p class=\"has-small-font-size\"><strong>Obr\u00f3bka cyfrowa fotografii<\/strong> to sprawienie aby dana fotografia wygl\u0105da\u0142a jak najlepiej. Zdj\u0119cie nale\u017cy odpowiednio wykadrowa\u0107, poprawi\u0107 o\u015bwietlenie, balans bieli, itd. <\/p>\n<\/div><\/div>\n\n\n\n<p><br><\/p>\n","protected":false},"excerpt":{"rendered":"<p>Grafika komputerowa to bardzo szeroka dziedzina. TK-Technologie zajmuje si\u0119: Obr\u00f3bka cyfrowa fotografii Projektowanie 3D Wymiarowanie detali 2D i 3D Wizualizacja (rendering) detali Projektowanie 3D to dziedzina, kt\u00f3ra pozwala zwizualizowa\u0107 pomys\u0142y w postacie modeli tr\u00f3jwymiarowych. Mog\u0105 to by\u0107 detale mechaniczne, budynki, ogrody, zabawki, m\u00f3wi\u0107 pro\u015bciej wszystkie materiale rzeczy, kt\u00f3re tylko mo\u017cemy sobie wyobrazi\u0107. Wymiarowanie detali 2D &hellip; <\/p>\n<p class=\"link-more\"><a href=\"https:\/\/www.tk-technologie.com.pl\/index.php\/grafika-komputerowa\/\" class=\"more-link\">Czytaj dalej<span class=\"screen-reader-text\"> \u201eGrafika komputerowa\u201d<\/span><\/a><\/p>\n","protected":false},"author":1,"featured_media":96,"parent":0,"menu_order":0,"comment_status":"closed","ping_status":"closed","template":"","meta":{"ngg_post_thumbnail":0,"footnotes":""},"class_list":["post-78","page","type-page","status-publish","has-post-thumbnail","hentry"],"_links":{"self":[{"href":"https:\/\/www.tk-technologie.com.pl\/index.php\/wp-json\/wp\/v2\/pages\/78","targetHints":{"allow":["GET"]}}],"collection":[{"href":"https:\/\/www.tk-technologie.com.pl\/index.php\/wp-json\/wp\/v2\/pages"}],"about":[{"href":"https:\/\/www.tk-technologie.com.pl\/index.php\/wp-json\/wp\/v2\/types\/page"}],"author":[{"embeddable":true,"href":"https:\/\/www.tk-technologie.com.pl\/index.php\/wp-json\/wp\/v2\/users\/1"}],"replies":[{"embeddable":true,"href":"https:\/\/www.tk-technologie.com.pl\/index.php\/wp-json\/wp\/v2\/comments?post=78"}],"version-history":[{"count":9,"href":"https:\/\/www.tk-technologie.com.pl\/index.php\/wp-json\/wp\/v2\/pages\/78\/revisions"}],"predecessor-version":[{"id":330,"href":"https:\/\/www.tk-technologie.com.pl\/index.php\/wp-json\/wp\/v2\/pages\/78\/revisions\/330"}],"wp:featuredmedia":[{"embeddable":true,"href":"https:\/\/www.tk-technologie.com.pl\/index.php\/wp-json\/wp\/v2\/media\/96"}],"wp:attachment":[{"href":"https:\/\/www.tk-technologie.com.pl\/index.php\/wp-json\/wp\/v2\/media?parent=78"}],"curies":[{"name":"wp","href":"https:\/\/api.w.org\/{rel}","templated":true}]}}