{"id":10,"date":"2020-09-10T13:06:24","date_gmt":"2020-09-10T13:06:24","guid":{"rendered":"http:\/\/www.tk-technologie.com.pl\/?page_id=10"},"modified":"2020-10-12T12:12:06","modified_gmt":"2020-10-12T12:12:06","slug":"kontakt","status":"publish","type":"page","link":"https:\/\/www.tk-technologie.com.pl\/index.php\/kontakt\/","title":{"rendered":"Kontakt"},"content":{"rendered":"\n<p>Wybierz interesuj\u0105cy Ci\u0119 temat i zadzwo\u0144 lub napisz.<\/p>\n\n\n\n<hr class=\"wp-block-separator\"\/>\n\n\n\n<p style=\"text-align:center\">Automatyka, elektrotechnika, energetyka<br> 602 381 181<\/p>\n\n\n\n<p style=\"text-align:center\" class=\"has-text-color has-background has-very-dark-gray-color has-very-light-gray-background-color\">Grafika komputerowa, fotografia, elektromoblino\u015b\u0107<br>606 640 752<\/p>\n\n\n\n<p style=\"text-align:center\" class=\"has-background has-cyan-bluish-gray-background-color\">Kontakt e-mail<br>biuro(at)tk-technologie.com.pl<\/p>\n\n\n\n<hr class=\"wp-block-separator\"\/>\n\n\n\n<div class=\"wp-block-columns has-2-columns is-layout-flex wp-container-core-columns-is-layout-9d6595d7 wp-block-columns-is-layout-flex\">\n<div class=\"wp-block-column is-layout-flow wp-block-column-is-layout-flow\">\n<p>Dane rejestrowe firmy:<br><strong>TK-Technologie <\/strong><br>Sterowa 11\/1<br> 81-578 Gdynia      <br> NIP: 745-167-34-08 <br> REGON: 220848406<br>rok za\u0142o\u017cenia 2009<\/p>\n<\/div>\n\n\n\n<div class=\"wp-block-column is-layout-flow wp-block-column-is-layout-flow\">\n<p><strong>Adres prowadzenia dzia\u0142alno\u015bci<\/strong>: <br>TK-Technologie <br>Sterowa 11\/1<br>81-578 Gdynia <\/p>\n\n\n\n<p><strong>Firma nie posiada biura handlowego dla interesant\u00f3w.<\/strong><\/p>\n<\/div>\n<\/div>\n","protected":false},"excerpt":{"rendered":"<p>Wybierz interesuj\u0105cy Ci\u0119 temat i zadzwo\u0144 lub napisz. Automatyka, elektrotechnika, energetyka 602 381 181 Grafika komputerowa, fotografia, elektromoblino\u015b\u0107606 640 752 Kontakt e-mailbiuro(at)tk-technologie.com.pl<\/p>\n","protected":false},"author":1,"featured_media":5,"parent":0,"menu_order":0,"comment_status":"closed","ping_status":"closed","template":"","meta":{"ngg_post_thumbnail":0,"footnotes":""},"class_list":["post-10","page","type-page","status-publish","has-post-thumbnail","hentry"],"_links":{"self":[{"href":"https:\/\/www.tk-technologie.com.pl\/index.php\/wp-json\/wp\/v2\/pages\/10","targetHints":{"allow":["GET"]}}],"collection":[{"href":"https:\/\/www.tk-technologie.com.pl\/index.php\/wp-json\/wp\/v2\/pages"}],"about":[{"href":"https:\/\/www.tk-technologie.com.pl\/index.php\/wp-json\/wp\/v2\/types\/page"}],"author":[{"embeddable":true,"href":"https:\/\/www.tk-technologie.com.pl\/index.php\/wp-json\/wp\/v2\/users\/1"}],"replies":[{"embeddable":true,"href":"https:\/\/www.tk-technologie.com.pl\/index.php\/wp-json\/wp\/v2\/comments?post=10"}],"version-history":[{"count":7,"href":"https:\/\/www.tk-technologie.com.pl\/index.php\/wp-json\/wp\/v2\/pages\/10\/revisions"}],"predecessor-version":[{"id":275,"href":"https:\/\/www.tk-technologie.com.pl\/index.php\/wp-json\/wp\/v2\/pages\/10\/revisions\/275"}],"wp:featuredmedia":[{"embeddable":true,"href":"https:\/\/www.tk-technologie.com.pl\/index.php\/wp-json\/wp\/v2\/media\/5"}],"wp:attachment":[{"href":"https:\/\/www.tk-technologie.com.pl\/index.php\/wp-json\/wp\/v2\/media?parent=10"}],"curies":[{"name":"wp","href":"https:\/\/api.w.org\/{rel}","templated":true}]}}